{"id":19,"date":"2024-03-27T00:36:25","date_gmt":"2024-03-26T23:36:25","guid":{"rendered":"https:\/\/jpixe.com\/?page_id=19"},"modified":"2026-01-26T15:18:58","modified_gmt":"2026-01-26T19:18:58","slug":"creations","status":"publish","type":"page","link":"https:\/\/jpixe.com\/index.php\/creations\/","title":{"rendered":"Cr\u00e9ations"},"content":{"rendered":"\t\t<div data-elementor-type=\"wp-page\" data-elementor-id=\"19\" class=\"elementor elementor-19\">\n\t\t\t\t<div class=\"elementor-element elementor-element-eeaee3b e-flex e-con-boxed wpr-particle-no wpr-jarallax-no wpr-parallax-no wpr-sticky-section-no e-con e-parent\" data-id=\"eeaee3b\" data-element_type=\"container\" data-e-type=\"container\">\n\t\t\t\t\t<div class=\"e-con-inner\">\n\t\t\t\t<div class=\"elementor-element elementor-element-165f22f elementor-widget__width-initial elementor-widget elementor-widget-text-editor\" data-id=\"165f22f\" data-element_type=\"widget\" data-e-type=\"widget\" data-widget_type=\"text-editor.default\">\n\t\t\t\t<div class=\"elementor-widget-container\">\n\t\t\t\t\t\t\t\t\t<p style=\"text-align: justify;\">JPIXE.com est une agence de communication visuelle qui vous propose de r\u00e9aliser vos projets \u00e0 travers des services et produits de cr\u00e9ations de logos, affiche, carte de visite, charte graphique, identit\u00e9 visuelle, brochure, illustration, site internet, montage photo\/video, Tshirt personnalis\u00e9 par un Graphiste Multimedia webdesigner et illustrateur.<\/p>\t\t\t\t\t\t\t\t<\/div>\n\t\t\t\t<\/div>\n\t\t\t\t\t<\/div>\n\t\t\t\t<\/div>\n\t\t<div class=\"elementor-element elementor-element-463576f e-grid e-con-boxed wpr-particle-no wpr-jarallax-no wpr-parallax-no wpr-sticky-section-no e-con e-parent\" data-id=\"463576f\" data-element_type=\"container\" data-e-type=\"container\">\n\t\t\t\t\t<div class=\"e-con-inner\">\n\t\t\t\t<div class=\"elementor-element elementor-element-1eb1669 elementor-widget elementor-widget-heading\" data-id=\"1eb1669\" data-element_type=\"widget\" data-e-type=\"widget\" data-widget_type=\"heading.default\">\n\t\t\t\t<div class=\"elementor-widget-container\">\n\t\t\t\t\t<h2 class=\"elementor-heading-title elementor-size-default\">AFFICHES \/ FLYERS<\/h2>\t\t\t\t<\/div>\n\t\t\t\t<\/div>\n\t\t\t\t\t<\/div>\n\t\t\t\t<\/div>\n\t\t<div class=\"elementor-element elementor-element-006dd63 e-grid e-con-boxed wpr-particle-no wpr-jarallax-no wpr-parallax-no wpr-sticky-section-no e-con e-parent\" data-id=\"006dd63\" data-element_type=\"container\" data-e-type=\"container\">\n\t\t\t\t\t<div class=\"e-con-inner\">\n\t\t\t\t<div class=\"elementor-element elementor-element-897f30b elementor-widget elementor-widget-image\" data-id=\"897f30b\" data-element_type=\"widget\" data-e-type=\"widget\" data-widget_type=\"image.default\">\n\t\t\t\t<div class=\"elementor-widget-container\">\n\t\t\t\t\t\t\t\t\t\t\t\t\t\t\t<img fetchpriority=\"high\" decoding=\"async\" width=\"213\" height=\"300\" src=\"https:\/\/jpixe.com\/wp-content\/uploads\/2024\/04\/Affiche-plomberie-clim-psg-213x300.jpg\" class=\"attachment-medium size-medium wp-image-253\" alt=\"\" srcset=\"https:\/\/jpixe.com\/wp-content\/uploads\/2024\/04\/Affiche-plomberie-clim-psg-213x300.jpg 213w, https:\/\/jpixe.com\/wp-content\/uploads\/2024\/04\/Affiche-plomberie-clim-psg.jpg 496w\" sizes=\"(max-width: 213px) 100vw, 213px\" \/>\t\t\t\t\t\t\t\t\t\t\t\t\t\t\t<\/div>\n\t\t\t\t<\/div>\n\t\t\t\t<div class=\"elementor-element elementor-element-f56911f elementor-widget elementor-widget-image\" data-id=\"f56911f\" data-element_type=\"widget\" data-e-type=\"widget\" data-widget_type=\"image.default\">\n\t\t\t\t<div class=\"elementor-widget-container\">\n\t\t\t\t\t\t\t\t\t\t\t\t\t\t\t<img decoding=\"async\" width=\"212\" height=\"300\" src=\"https:\/\/jpixe.com\/wp-content\/uploads\/2024\/06\/affiche-foire-alie-212x300.jpg\" class=\"attachment-medium size-medium wp-image-591\" alt=\"\" srcset=\"https:\/\/jpixe.com\/wp-content\/uploads\/2024\/06\/affiche-foire-alie-212x300.jpg 212w, https:\/\/jpixe.com\/wp-content\/uploads\/2024\/06\/affiche-foire-alie.jpg 543w\" sizes=\"(max-width: 212px) 100vw, 212px\" \/>\t\t\t\t\t\t\t\t\t\t\t\t\t\t\t<\/div>\n\t\t\t\t<\/div>\n\t\t\t\t<div class=\"elementor-element elementor-element-68e61b7 elementor-widget elementor-widget-image\" data-id=\"68e61b7\" data-element_type=\"widget\" data-e-type=\"widget\" data-widget_type=\"image.default\">\n\t\t\t\t<div class=\"elementor-widget-container\">\n\t\t\t\t\t\t\t\t\t\t\t\t\t\t\t<img decoding=\"async\" width=\"212\" height=\"300\" src=\"https:\/\/jpixe.com\/wp-content\/uploads\/2024\/06\/affiche-assoALIE-gwada-lanta-212x300.jpg\" class=\"attachment-medium size-medium wp-image-592\" alt=\"\" srcset=\"https:\/\/jpixe.com\/wp-content\/uploads\/2024\/06\/affiche-assoALIE-gwada-lanta-212x300.jpg 212w, https:\/\/jpixe.com\/wp-content\/uploads\/2024\/06\/affiche-assoALIE-gwada-lanta.jpg 543w\" sizes=\"(max-width: 212px) 100vw, 212px\" \/>\t\t\t\t\t\t\t\t\t\t\t\t\t\t\t<\/div>\n\t\t\t\t<\/div>\n\t\t\t\t\t<\/div>\n\t\t\t\t<\/div>\n\t\t<div class=\"elementor-element elementor-element-b63fbd7 e-grid e-con-boxed wpr-particle-no wpr-jarallax-no wpr-parallax-no wpr-sticky-section-no e-con e-parent\" data-id=\"b63fbd7\" data-element_type=\"container\" data-e-type=\"container\">\n\t\t\t\t\t<div class=\"e-con-inner\">\n\t\t\t\t<div class=\"elementor-element elementor-element-ad8f537 elementor-widget elementor-widget-image\" data-id=\"ad8f537\" data-element_type=\"widget\" data-e-type=\"widget\" data-widget_type=\"image.default\">\n\t\t\t\t<div class=\"elementor-widget-container\">\n\t\t\t\t\t\t\t\t\t\t\t\t\t\t\t<img loading=\"lazy\" decoding=\"async\" width=\"212\" height=\"300\" src=\"https:\/\/jpixe.com\/wp-content\/uploads\/2024\/12\/affiche-midi_minuit_restaurant_2-212x300.webp\" class=\"attachment-medium size-medium wp-image-1057\" alt=\"\" srcset=\"https:\/\/jpixe.com\/wp-content\/uploads\/2024\/12\/affiche-midi_minuit_restaurant_2-212x300.webp 212w, https:\/\/jpixe.com\/wp-content\/uploads\/2024\/12\/affiche-midi_minuit_restaurant_2.webp 401w\" sizes=\"(max-width: 212px) 100vw, 212px\" \/>\t\t\t\t\t\t\t\t\t\t\t\t\t\t\t<\/div>\n\t\t\t\t<\/div>\n\t\t\t\t<div class=\"elementor-element elementor-element-5b78728 elementor-widget elementor-widget-image\" data-id=\"5b78728\" data-element_type=\"widget\" data-e-type=\"widget\" data-widget_type=\"image.default\">\n\t\t\t\t<div class=\"elementor-widget-container\">\n\t\t\t\t\t\t\t\t\t\t\t\t\t\t\t<img loading=\"lazy\" decoding=\"async\" width=\"212\" height=\"300\" src=\"https:\/\/jpixe.com\/wp-content\/uploads\/2024\/12\/Baby_Shower_Invitation_2-212x300.webp\" class=\"attachment-medium size-medium wp-image-1064\" alt=\"\" srcset=\"https:\/\/jpixe.com\/wp-content\/uploads\/2024\/12\/Baby_Shower_Invitation_2-212x300.webp 212w, https:\/\/jpixe.com\/wp-content\/uploads\/2024\/12\/Baby_Shower_Invitation_2.webp 401w\" sizes=\"(max-width: 212px) 100vw, 212px\" \/>\t\t\t\t\t\t\t\t\t\t\t\t\t\t\t<\/div>\n\t\t\t\t<\/div>\n\t\t\t\t\t<\/div>\n\t\t\t\t<\/div>\n\t\t<div class=\"elementor-element elementor-element-e25811c e-flex e-con-boxed wpr-particle-no wpr-jarallax-no wpr-parallax-no wpr-sticky-section-no e-con e-parent\" data-id=\"e25811c\" data-element_type=\"container\" data-e-type=\"container\">\n\t\t\t\t\t<div class=\"e-con-inner\">\n\t\t<div class=\"elementor-element elementor-element-b384cbd e-grid e-con-full wpr-particle-no wpr-jarallax-no wpr-parallax-no wpr-sticky-section-no e-con e-child\" data-id=\"b384cbd\" data-element_type=\"container\" data-e-type=\"container\">\n\t\t\t\t<div class=\"elementor-element elementor-element-db88271 elementor-widget elementor-widget-heading\" data-id=\"db88271\" data-element_type=\"widget\" data-e-type=\"widget\" data-widget_type=\"heading.default\">\n\t\t\t\t<div class=\"elementor-widget-container\">\n\t\t\t\t\t<h2 class=\"elementor-heading-title elementor-size-default\">BROCHURE \/ COUVERTURE<\/h2>\t\t\t\t<\/div>\n\t\t\t\t<\/div>\n\t\t\t\t<\/div>\n\t\t\t\t\t<\/div>\n\t\t\t\t<\/div>\n\t\t<div class=\"elementor-element elementor-element-2543362 e-grid e-con-boxed wpr-particle-no wpr-jarallax-no wpr-parallax-no wpr-sticky-section-no e-con e-parent\" data-id=\"2543362\" data-element_type=\"container\" data-e-type=\"container\">\n\t\t\t\t\t<div class=\"e-con-inner\">\n\t\t\t\t<div class=\"elementor-element elementor-element-80a3969 elementor-widget elementor-widget-image\" data-id=\"80a3969\" data-element_type=\"widget\" data-e-type=\"widget\" data-widget_type=\"image.default\">\n\t\t\t\t<div class=\"elementor-widget-container\">\n\t\t\t\t\t\t\t\t\t\t\t\t\t\t\t<img loading=\"lazy\" decoding=\"async\" width=\"401\" height=\"567\" src=\"https:\/\/jpixe.com\/wp-content\/uploads\/2025\/07\/couv_magazine.webp\" class=\"attachment-medium_large size-medium_large wp-image-1353\" alt=\"\" srcset=\"https:\/\/jpixe.com\/wp-content\/uploads\/2025\/07\/couv_magazine.webp 401w, https:\/\/jpixe.com\/wp-content\/uploads\/2025\/07\/couv_magazine-212x300.webp 212w\" sizes=\"(max-width: 401px) 100vw, 401px\" \/>\t\t\t\t\t\t\t\t\t\t\t\t\t\t\t<\/div>\n\t\t\t\t<\/div>\n\t\t\t\t<div class=\"elementor-element elementor-element-91d5a8a elementor-widget elementor-widget-image\" data-id=\"91d5a8a\" data-element_type=\"widget\" data-e-type=\"widget\" data-widget_type=\"image.default\">\n\t\t\t\t<div class=\"elementor-widget-container\">\n\t\t\t\t\t\t\t\t\t\t\t\t\t\t\t<img loading=\"lazy\" decoding=\"async\" width=\"401\" height=\"567\" src=\"https:\/\/jpixe.com\/wp-content\/uploads\/2025\/07\/depliant.webp\" class=\"attachment-large size-large wp-image-1357\" alt=\"\" srcset=\"https:\/\/jpixe.com\/wp-content\/uploads\/2025\/07\/depliant.webp 401w, https:\/\/jpixe.com\/wp-content\/uploads\/2025\/07\/depliant-212x300.webp 212w\" sizes=\"(max-width: 401px) 100vw, 401px\" \/>\t\t\t\t\t\t\t\t\t\t\t\t\t\t\t<\/div>\n\t\t\t\t<\/div>\n\t\t\t\t\t<\/div>\n\t\t\t\t<\/div>\n\t\t<div class=\"elementor-element elementor-element-bb33aee e-grid e-con-boxed wpr-particle-no wpr-jarallax-no wpr-parallax-no wpr-sticky-section-no e-con e-parent\" data-id=\"bb33aee\" data-element_type=\"container\" data-e-type=\"container\">\n\t\t\t\t\t<div class=\"e-con-inner\">\n\t\t\t\t<div class=\"elementor-element elementor-element-d828440 elementor-widget elementor-widget-heading\" data-id=\"d828440\" data-element_type=\"widget\" data-e-type=\"widget\" data-widget_type=\"heading.default\">\n\t\t\t\t<div class=\"elementor-widget-container\">\n\t\t\t\t\t<h2 class=\"elementor-heading-title elementor-size-default\">LOGOS<\/h2>\t\t\t\t<\/div>\n\t\t\t\t<\/div>\n\t\t\t\t\t<\/div>\n\t\t\t\t<\/div>\n\t\t<div class=\"elementor-element elementor-element-6341514 e-grid e-con-boxed wpr-particle-no wpr-jarallax-no wpr-parallax-no wpr-sticky-section-no e-con e-parent\" data-id=\"6341514\" data-element_type=\"container\" data-e-type=\"container\">\n\t\t\t\t\t<div class=\"e-con-inner\">\n\t\t\t\t<div class=\"elementor-element elementor-element-995db6c elementor-widget elementor-widget-image\" data-id=\"995db6c\" data-element_type=\"widget\" data-e-type=\"widget\" data-widget_type=\"image.default\">\n\t\t\t\t<div class=\"elementor-widget-container\">\n\t\t\t\t\t\t\t\t\t\t\t\t\t\t\t<img loading=\"lazy\" decoding=\"async\" width=\"300\" height=\"124\" src=\"https:\/\/jpixe.com\/wp-content\/uploads\/2024\/06\/logo_miss_bokite-300x124.png\" class=\"attachment-medium size-medium wp-image-670\" alt=\"\" srcset=\"https:\/\/jpixe.com\/wp-content\/uploads\/2024\/06\/logo_miss_bokite-300x124.png 300w, https:\/\/jpixe.com\/wp-content\/uploads\/2024\/06\/logo_miss_bokite.png 575w\" sizes=\"(max-width: 300px) 100vw, 300px\" \/>\t\t\t\t\t\t\t\t\t\t\t\t\t\t\t<\/div>\n\t\t\t\t<\/div>\n\t\t\t\t<div class=\"elementor-element elementor-element-dcd9c9e elementor-widget elementor-widget-image\" data-id=\"dcd9c9e\" data-element_type=\"widget\" data-e-type=\"widget\" data-widget_type=\"image.default\">\n\t\t\t\t<div class=\"elementor-widget-container\">\n\t\t\t\t\t\t\t\t\t\t\t\t\t\t\t<img loading=\"lazy\" decoding=\"async\" width=\"250\" height=\"256\" src=\"https:\/\/jpixe.com\/wp-content\/uploads\/2024\/06\/logo_alie_web.jpg\" class=\"attachment-medium size-medium wp-image-674\" alt=\"\" \/>\t\t\t\t\t\t\t\t\t\t\t\t\t\t\t<\/div>\n\t\t\t\t<\/div>\n\t\t\t\t<div class=\"elementor-element elementor-element-a77b36b elementor-widget elementor-widget-image\" data-id=\"a77b36b\" data-element_type=\"widget\" data-e-type=\"widget\" data-widget_type=\"image.default\">\n\t\t\t\t<div class=\"elementor-widget-container\">\n\t\t\t\t\t\t\t\t\t\t\t\t\t\t\t<img loading=\"lazy\" decoding=\"async\" width=\"300\" height=\"300\" src=\"https:\/\/jpixe.com\/wp-content\/uploads\/2024\/06\/logo-psg-plomberie_web.jpg\" class=\"attachment-medium size-medium wp-image-678\" alt=\"\" srcset=\"https:\/\/jpixe.com\/wp-content\/uploads\/2024\/06\/logo-psg-plomberie_web.jpg 300w, https:\/\/jpixe.com\/wp-content\/uploads\/2024\/06\/logo-psg-plomberie_web-150x150.jpg 150w\" sizes=\"(max-width: 300px) 100vw, 300px\" \/>\t\t\t\t\t\t\t\t\t\t\t\t\t\t\t<\/div>\n\t\t\t\t<\/div>\n\t\t\t\t\t<\/div>\n\t\t\t\t<\/div>\n\t\t<div class=\"elementor-element elementor-element-d1a955b e-grid e-con-boxed wpr-particle-no wpr-jarallax-no wpr-parallax-no wpr-sticky-section-no e-con e-parent\" data-id=\"d1a955b\" data-element_type=\"container\" data-e-type=\"container\">\n\t\t\t\t\t<div class=\"e-con-inner\">\n\t\t\t\t<div class=\"elementor-element elementor-element-a6e6e19 elementor-widget elementor-widget-image\" data-id=\"a6e6e19\" data-element_type=\"widget\" data-e-type=\"widget\" data-widget_type=\"image.default\">\n\t\t\t\t<div class=\"elementor-widget-container\">\n\t\t\t\t\t\t\t\t\t\t\t\t\t\t\t<img loading=\"lazy\" decoding=\"async\" width=\"264\" height=\"300\" src=\"https:\/\/jpixe.com\/wp-content\/uploads\/2024\/12\/hk_logo_1-1-264x300.png\" class=\"attachment-medium size-medium wp-image-1071\" alt=\"\" srcset=\"https:\/\/jpixe.com\/wp-content\/uploads\/2024\/12\/hk_logo_1-1-264x300.png 264w, https:\/\/jpixe.com\/wp-content\/uploads\/2024\/12\/hk_logo_1-1.png 562w\" sizes=\"(max-width: 264px) 100vw, 264px\" \/>\t\t\t\t\t\t\t\t\t\t\t\t\t\t\t<\/div>\n\t\t\t\t<\/div>\n\t\t\t\t<div class=\"elementor-element elementor-element-2cb7677 elementor-widget elementor-widget-image\" data-id=\"2cb7677\" data-element_type=\"widget\" data-e-type=\"widget\" data-widget_type=\"image.default\">\n\t\t\t\t<div class=\"elementor-widget-container\">\n\t\t\t\t\t\t\t\t\t\t\t\t\t\t\t<img loading=\"lazy\" decoding=\"async\" width=\"300\" height=\"267\" src=\"https:\/\/jpixe.com\/wp-content\/uploads\/2024\/12\/montage-jardin-bitzary-300x267.webp\" class=\"attachment-medium size-medium wp-image-1072\" alt=\"\" srcset=\"https:\/\/jpixe.com\/wp-content\/uploads\/2024\/12\/montage-jardin-bitzary-300x267.webp 300w, https:\/\/jpixe.com\/wp-content\/uploads\/2024\/12\/montage-jardin-bitzary-1024x910.webp 1024w, https:\/\/jpixe.com\/wp-content\/uploads\/2024\/12\/montage-jardin-bitzary-768x683.webp 768w, https:\/\/jpixe.com\/wp-content\/uploads\/2024\/12\/montage-jardin-bitzary.webp 1181w\" sizes=\"(max-width: 300px) 100vw, 300px\" \/>\t\t\t\t\t\t\t\t\t\t\t\t\t\t\t<\/div>\n\t\t\t\t<\/div>\n\t\t\t\t<div class=\"elementor-element elementor-element-db48366 elementor-widget elementor-widget-image\" data-id=\"db48366\" data-element_type=\"widget\" data-e-type=\"widget\" data-widget_type=\"image.default\">\n\t\t\t\t<div class=\"elementor-widget-container\">\n\t\t\t\t\t\t\t\t\t\t\t\t\t\t\t<img loading=\"lazy\" decoding=\"async\" width=\"280\" height=\"300\" src=\"https:\/\/jpixe.com\/wp-content\/uploads\/2024\/12\/Logo-creation-280x300.png\" class=\"attachment-medium size-medium wp-image-1074\" alt=\"\" srcset=\"https:\/\/jpixe.com\/wp-content\/uploads\/2024\/12\/Logo-creation-280x300.png 280w, https:\/\/jpixe.com\/wp-content\/uploads\/2024\/12\/Logo-creation.png 595w\" sizes=\"(max-width: 280px) 100vw, 280px\" \/>\t\t\t\t\t\t\t\t\t\t\t\t\t\t\t<\/div>\n\t\t\t\t<\/div>\n\t\t\t\t\t<\/div>\n\t\t\t\t<\/div>\n\t\t<div class=\"elementor-element elementor-element-7fcd77e e-grid e-con-boxed wpr-particle-no wpr-jarallax-no wpr-parallax-no wpr-sticky-section-no e-con e-parent\" data-id=\"7fcd77e\" data-element_type=\"container\" data-e-type=\"container\">\n\t\t\t\t\t<div class=\"e-con-inner\">\n\t\t\t\t<div class=\"elementor-element elementor-element-7247462 elementor-widget elementor-widget-heading\" data-id=\"7247462\" data-element_type=\"widget\" data-e-type=\"widget\" data-widget_type=\"heading.default\">\n\t\t\t\t<div class=\"elementor-widget-container\">\n\t\t\t\t\t<h2 class=\"elementor-heading-title elementor-size-default\">ANIMATIONS<\/h2>\t\t\t\t<\/div>\n\t\t\t\t<\/div>\n\t\t\t\t\t<\/div>\n\t\t\t\t<\/div>\n\t\t<div class=\"elementor-element elementor-element-65355fb e-flex e-con-boxed wpr-particle-no wpr-jarallax-no wpr-parallax-no wpr-sticky-section-no e-con e-parent\" data-id=\"65355fb\" data-element_type=\"container\" data-e-type=\"container\">\n\t\t\t\t\t<div class=\"e-con-inner\">\n\t\t\t\t<div class=\"elementor-element elementor-element-ac9f101 elementor-widget elementor-widget-video\" data-id=\"ac9f101\" data-element_type=\"widget\" data-e-type=\"widget\" data-settings=\"{&quot;video_type&quot;:&quot;hosted&quot;,&quot;controls&quot;:&quot;yes&quot;}\" data-widget_type=\"video.default\">\n\t\t\t\t<div class=\"elementor-widget-container\">\n\t\t\t\t\t\t\t<div class=\"e-hosted-video elementor-wrapper elementor-open-inline\">\n\t\t\t\t\t<video class=\"elementor-video\" src=\"https:\/\/jpixe.com\/wp-content\/uploads\/2026\/01\/Animation-logo-JPIXE.mp4\" controls=\"\" preload=\"metadata\" controlsList=\"nodownload\"><\/video>\n\t\t\t\t<\/div>\n\t\t\t\t\t\t<\/div>\n\t\t\t\t<\/div>\n\t\t\t\t\t<\/div>\n\t\t\t\t<\/div>\n\t\t\t\t<\/div>\n\t\t","protected":false},"excerpt":{"rendered":"<p>JPIXE.com est une agence de communication visuelle qui vous propose de r\u00e9aliser vos projets \u00e0 travers des services et produits de cr\u00e9ations de logos, affiche, carte de visite, charte graphique, identit\u00e9 visuelle, brochure, illustration, site internet, montage photo\/video, Tshirt personnalis\u00e9 par un Graphiste Multimedia webdesigner et illustrateur. AFFICHES \/ FLYERS BROCHURE \/ COUVERTURE LOGOS ANIMATIONS https:\/\/jpixe.com\/wp-content\/uploads\/2026\/01\/Animation-logo-JPIXE.mp4<\/p>\n","protected":false},"author":1,"featured_media":0,"parent":0,"menu_order":0,"comment_status":"closed","ping_status":"closed","template":"","meta":{"_eb_attr":"","_monsterinsights_skip_tracking":false,"_monsterinsights_sitenote_active":false,"_monsterinsights_sitenote_note":"","_monsterinsights_sitenote_category":0,"footnotes":""},"class_list":["post-19","page","type-page","status-publish","hentry"],"yoast_head":"<!-- This site is optimized with the Yoast SEO plugin v27.1.1 - https:\/\/yoast.com\/product\/yoast-seo-wordpress\/ -->\n<title>Cr\u00e9ations - jpixe.com<\/title>\n<meta name=\"robots\" content=\"index, follow, max-snippet:-1, max-image-preview:large, max-video-preview:-1\" \/>\n<link rel=\"canonical\" href=\"https:\/\/jpixe.com\/index.php\/creations\/\" \/>\n<meta property=\"og:locale\" content=\"fr_FR\" \/>\n<meta property=\"og:type\" content=\"article\" \/>\n<meta property=\"og:title\" content=\"Cr\u00e9ations - jpixe.com\" \/>\n<meta property=\"og:description\" content=\"JPIXE.com est une agence de communication visuelle qui vous propose de r\u00e9aliser vos projets \u00e0 travers des services et produits de cr\u00e9ations de logos, affiche, carte de visite, charte graphique, identit\u00e9 visuelle, brochure, illustration, site internet, montage photo\/video, Tshirt personnalis\u00e9 par un Graphiste Multimedia webdesigner et illustrateur. AFFICHES \/ FLYERS BROCHURE \/ COUVERTURE LOGOS ANIMATIONS https:\/\/jpixe.com\/wp-content\/uploads\/2026\/01\/Animation-logo-JPIXE.mp4\" \/>\n<meta property=\"og:url\" content=\"https:\/\/jpixe.com\/index.php\/creations\/\" \/>\n<meta property=\"og:site_name\" content=\"jpixe.com\" \/>\n<meta property=\"article:modified_time\" content=\"2026-01-26T19:18:58+00:00\" \/>\n<meta property=\"og:image\" content=\"https:\/\/jpixe.com\/wp-content\/uploads\/2024\/04\/Affiche-plomberie-clim-psg.jpg\" \/>\n\t<meta property=\"og:image:width\" content=\"496\" \/>\n\t<meta property=\"og:image:height\" content=\"699\" \/>\n\t<meta property=\"og:image:type\" content=\"image\/jpeg\" \/>\n<meta name=\"twitter:card\" content=\"summary_large_image\" \/>\n<meta name=\"twitter:label1\" content=\"Dur\u00e9e de lecture estim\u00e9e\" \/>\n\t<meta name=\"twitter:data1\" content=\"3 minutes\" \/>\n<script type=\"application\/ld+json\" class=\"yoast-schema-graph\">{\"@context\":\"https:\/\/schema.org\",\"@graph\":[{\"@type\":\"WebPage\",\"@id\":\"https:\/\/jpixe.com\/index.php\/creations\/\",\"url\":\"https:\/\/jpixe.com\/index.php\/creations\/\",\"name\":\"Cr\u00e9ations - jpixe.com\",\"isPartOf\":{\"@id\":\"https:\/\/jpixe.com\/#website\"},\"primaryImageOfPage\":{\"@id\":\"https:\/\/jpixe.com\/index.php\/creations\/#primaryimage\"},\"image\":{\"@id\":\"https:\/\/jpixe.com\/index.php\/creations\/#primaryimage\"},\"thumbnailUrl\":\"https:\/\/jpixe.com\/wp-content\/uploads\/2024\/04\/Affiche-plomberie-clim-psg-213x300.jpg\",\"datePublished\":\"2024-03-26T23:36:25+00:00\",\"dateModified\":\"2026-01-26T19:18:58+00:00\",\"breadcrumb\":{\"@id\":\"https:\/\/jpixe.com\/index.php\/creations\/#breadcrumb\"},\"inLanguage\":\"fr-FR\",\"potentialAction\":[{\"@type\":\"ReadAction\",\"target\":[\"https:\/\/jpixe.com\/index.php\/creations\/\"]}]},{\"@type\":\"ImageObject\",\"inLanguage\":\"fr-FR\",\"@id\":\"https:\/\/jpixe.com\/index.php\/creations\/#primaryimage\",\"url\":\"https:\/\/jpixe.com\/wp-content\/uploads\/2024\/04\/Affiche-plomberie-clim-psg.jpg\",\"contentUrl\":\"https:\/\/jpixe.com\/wp-content\/uploads\/2024\/04\/Affiche-plomberie-clim-psg.jpg\",\"width\":496,\"height\":699},{\"@type\":\"BreadcrumbList\",\"@id\":\"https:\/\/jpixe.com\/index.php\/creations\/#breadcrumb\",\"itemListElement\":[{\"@type\":\"ListItem\",\"position\":1,\"name\":\"Accueil\",\"item\":\"https:\/\/jpixe.com\/\"},{\"@type\":\"ListItem\",\"position\":2,\"name\":\"Cr\u00e9ations\"}]},{\"@type\":\"WebSite\",\"@id\":\"https:\/\/jpixe.com\/#website\",\"url\":\"https:\/\/jpixe.com\/\",\"name\":\"jpixe.com\",\"description\":\"Passion, Solution, Cr\u00e9ation !\",\"publisher\":{\"@id\":\"https:\/\/jpixe.com\/#organization\"},\"potentialAction\":[{\"@type\":\"SearchAction\",\"target\":{\"@type\":\"EntryPoint\",\"urlTemplate\":\"https:\/\/jpixe.com\/?s={search_term_string}\"},\"query-input\":{\"@type\":\"PropertyValueSpecification\",\"valueRequired\":true,\"valueName\":\"search_term_string\"}}],\"inLanguage\":\"fr-FR\"},{\"@type\":\"Organization\",\"@id\":\"https:\/\/jpixe.com\/#organization\",\"name\":\"jpixe.com\",\"url\":\"https:\/\/jpixe.com\/\",\"logo\":{\"@type\":\"ImageObject\",\"inLanguage\":\"fr-FR\",\"@id\":\"https:\/\/jpixe.com\/#\/schema\/logo\/image\/\",\"url\":\"https:\/\/jpixe.com\/wp-content\/uploads\/2024\/06\/logo-jpixe_4.webp\",\"contentUrl\":\"https:\/\/jpixe.com\/wp-content\/uploads\/2024\/06\/logo-jpixe_4.webp\",\"width\":1260,\"height\":311,\"caption\":\"jpixe.com\"},\"image\":{\"@id\":\"https:\/\/jpixe.com\/#\/schema\/logo\/image\/\"}}]}<\/script>\n<!-- \/ Yoast SEO plugin. -->","yoast_head_json":{"title":"Cr\u00e9ations - jpixe.com","robots":{"index":"index","follow":"follow","max-snippet":"max-snippet:-1","max-image-preview":"max-image-preview:large","max-video-preview":"max-video-preview:-1"},"canonical":"https:\/\/jpixe.com\/index.php\/creations\/","og_locale":"fr_FR","og_type":"article","og_title":"Cr\u00e9ations - jpixe.com","og_description":"JPIXE.com est une agence de communication visuelle qui vous propose de r\u00e9aliser vos projets \u00e0 travers des services et produits de cr\u00e9ations de logos, affiche, carte de visite, charte graphique, identit\u00e9 visuelle, brochure, illustration, site internet, montage photo\/video, Tshirt personnalis\u00e9 par un Graphiste Multimedia webdesigner et illustrateur. AFFICHES \/ FLYERS BROCHURE \/ COUVERTURE LOGOS ANIMATIONS https:\/\/jpixe.com\/wp-content\/uploads\/2026\/01\/Animation-logo-JPIXE.mp4","og_url":"https:\/\/jpixe.com\/index.php\/creations\/","og_site_name":"jpixe.com","article_modified_time":"2026-01-26T19:18:58+00:00","og_image":[{"width":496,"height":699,"url":"https:\/\/jpixe.com\/wp-content\/uploads\/2024\/04\/Affiche-plomberie-clim-psg.jpg","type":"image\/jpeg"}],"twitter_card":"summary_large_image","twitter_misc":{"Dur\u00e9e de lecture estim\u00e9e":"3 minutes"},"schema":{"@context":"https:\/\/schema.org","@graph":[{"@type":"WebPage","@id":"https:\/\/jpixe.com\/index.php\/creations\/","url":"https:\/\/jpixe.com\/index.php\/creations\/","name":"Cr\u00e9ations - jpixe.com","isPartOf":{"@id":"https:\/\/jpixe.com\/#website"},"primaryImageOfPage":{"@id":"https:\/\/jpixe.com\/index.php\/creations\/#primaryimage"},"image":{"@id":"https:\/\/jpixe.com\/index.php\/creations\/#primaryimage"},"thumbnailUrl":"https:\/\/jpixe.com\/wp-content\/uploads\/2024\/04\/Affiche-plomberie-clim-psg-213x300.jpg","datePublished":"2024-03-26T23:36:25+00:00","dateModified":"2026-01-26T19:18:58+00:00","breadcrumb":{"@id":"https:\/\/jpixe.com\/index.php\/creations\/#breadcrumb"},"inLanguage":"fr-FR","potentialAction":[{"@type":"ReadAction","target":["https:\/\/jpixe.com\/index.php\/creations\/"]}]},{"@type":"ImageObject","inLanguage":"fr-FR","@id":"https:\/\/jpixe.com\/index.php\/creations\/#primaryimage","url":"https:\/\/jpixe.com\/wp-content\/uploads\/2024\/04\/Affiche-plomberie-clim-psg.jpg","contentUrl":"https:\/\/jpixe.com\/wp-content\/uploads\/2024\/04\/Affiche-plomberie-clim-psg.jpg","width":496,"height":699},{"@type":"BreadcrumbList","@id":"https:\/\/jpixe.com\/index.php\/creations\/#breadcrumb","itemListElement":[{"@type":"ListItem","position":1,"name":"Accueil","item":"https:\/\/jpixe.com\/"},{"@type":"ListItem","position":2,"name":"Cr\u00e9ations"}]},{"@type":"WebSite","@id":"https:\/\/jpixe.com\/#website","url":"https:\/\/jpixe.com\/","name":"jpixe.com","description":"Passion, Solution, Cr\u00e9ation !","publisher":{"@id":"https:\/\/jpixe.com\/#organization"},"potentialAction":[{"@type":"SearchAction","target":{"@type":"EntryPoint","urlTemplate":"https:\/\/jpixe.com\/?s={search_term_string}"},"query-input":{"@type":"PropertyValueSpecification","valueRequired":true,"valueName":"search_term_string"}}],"inLanguage":"fr-FR"},{"@type":"Organization","@id":"https:\/\/jpixe.com\/#organization","name":"jpixe.com","url":"https:\/\/jpixe.com\/","logo":{"@type":"ImageObject","inLanguage":"fr-FR","@id":"https:\/\/jpixe.com\/#\/schema\/logo\/image\/","url":"https:\/\/jpixe.com\/wp-content\/uploads\/2024\/06\/logo-jpixe_4.webp","contentUrl":"https:\/\/jpixe.com\/wp-content\/uploads\/2024\/06\/logo-jpixe_4.webp","width":1260,"height":311,"caption":"jpixe.com"},"image":{"@id":"https:\/\/jpixe.com\/#\/schema\/logo\/image\/"}}]}},"_links":{"self":[{"href":"https:\/\/jpixe.com\/index.php\/wp-json\/wp\/v2\/pages\/19","targetHints":{"allow":["GET"]}}],"collection":[{"href":"https:\/\/jpixe.com\/index.php\/wp-json\/wp\/v2\/pages"}],"about":[{"href":"https:\/\/jpixe.com\/index.php\/wp-json\/wp\/v2\/types\/page"}],"author":[{"embeddable":true,"href":"https:\/\/jpixe.com\/index.php\/wp-json\/wp\/v2\/users\/1"}],"replies":[{"embeddable":true,"href":"https:\/\/jpixe.com\/index.php\/wp-json\/wp\/v2\/comments?post=19"}],"version-history":[{"count":101,"href":"https:\/\/jpixe.com\/index.php\/wp-json\/wp\/v2\/pages\/19\/revisions"}],"predecessor-version":[{"id":1364,"href":"https:\/\/jpixe.com\/index.php\/wp-json\/wp\/v2\/pages\/19\/revisions\/1364"}],"wp:attachment":[{"href":"https:\/\/jpixe.com\/index.php\/wp-json\/wp\/v2\/media?parent=19"}],"curies":[{"name":"wp","href":"https:\/\/api.w.org\/{rel}","templated":true}]}}