{"id":21,"date":"2024-03-27T00:41:37","date_gmt":"2024-03-26T23:41:37","guid":{"rendered":"https:\/\/jpixe.com\/?page_id=21"},"modified":"2024-11-01T16:22:02","modified_gmt":"2024-11-01T20:22:02","slug":"contact","status":"publish","type":"page","link":"https:\/\/jpixe.com\/index.php\/contact\/","title":{"rendered":"Contact"},"content":{"rendered":"\t\t<div data-elementor-type=\"wp-page\" data-elementor-id=\"21\" class=\"elementor elementor-21\">\n\t\t\t\t<div class=\"elementor-element elementor-element-178908e e-flex e-con-boxed wpr-particle-no wpr-jarallax-no wpr-parallax-no wpr-sticky-section-no e-con e-parent\" data-id=\"178908e\" data-element_type=\"container\" data-e-type=\"container\">\n\t\t\t\t\t<div class=\"e-con-inner\">\n\t\t\t\t<div class=\"elementor-element elementor-element-20e2648 elementor-widget__width-initial elementor-widget elementor-widget-text-editor\" data-id=\"20e2648\" data-element_type=\"widget\" data-e-type=\"widget\" data-widget_type=\"text-editor.default\">\n\t\t\t\t<div class=\"elementor-widget-container\">\n\t\t\t\t\t\t\t\t\t<p style=\"text-align: justify;\">JPIXE.com est une agence de communication visuelle qui vous propose de r\u00e9aliser vos projets \u00e0 travers des services et produits de cr\u00e9ations de logos, affiche, carte de visite, charte graphique, identit\u00e9 visuelle, brochure, illustration, site internet, montage photo\/video, Tshirt personnalis\u00e9 par un Graphiste Multimedia webdesigner et illustrateur.<\/p>\t\t\t\t\t\t\t\t<\/div>\n\t\t\t\t<\/div>\n\t\t\t\t\t<\/div>\n\t\t\t\t<\/div>\n\t\t<div class=\"elementor-element elementor-element-fd443f9 e-grid e-con-boxed wpr-particle-no wpr-jarallax-no wpr-parallax-no wpr-sticky-section-no e-con e-parent\" data-id=\"fd443f9\" data-element_type=\"container\" data-e-type=\"container\">\n\t\t\t\t\t<div class=\"e-con-inner\">\n\t\t\t\t<div class=\"elementor-element elementor-element-377c041 elementor-widget__width-initial elementor-widget elementor-widget-wpforms\" data-id=\"377c041\" data-element_type=\"widget\" data-e-type=\"widget\" data-widget_type=\"wpforms.default\">\n\t\t\t\t<div class=\"elementor-widget-container\">\n\t\t\t\t\t<div class=\"wpforms-container wpforms-container-full wpforms-render-modern\" id=\"wpforms-23\"><form id=\"wpforms-form-23\" class=\"wpforms-validate wpforms-form wpforms-ajax-form\" data-formid=\"23\" method=\"post\" enctype=\"multipart\/form-data\" action=\"\/index.php\/wp-json\/wp\/v2\/pages\/21\" data-token=\"fa48a12d19e81dc00b7bffbf55d36abb\" data-token-time=\"1776348020\"><div class=\"wpforms-head-container\"><\/div><noscript class=\"wpforms-error-noscript\">Veuillez activer JavaScript dans votre navigateur pour remplir ce formulaire.<\/noscript><div id=\"wpforms-error-noscript\" style=\"display: none;\">Veuillez activer JavaScript dans votre navigateur pour remplir ce formulaire.<\/div><div class=\"wpforms-field-container\"><div id=\"wpforms-23-field_0-container\" class=\"wpforms-field wpforms-field-name\" data-field-id=\"0\"><label class=\"wpforms-field-label\" for=\"wpforms-23-field_0\">Nom \/ Entreprise <span class=\"wpforms-required-label\" aria-hidden=\"true\">*<\/span><\/label><input type=\"text\" id=\"wpforms-23-field_0\" class=\"wpforms-field-medium wpforms-field-required\" name=\"wpforms[fields][0]\" aria-errormessage=\"wpforms-23-field_0-error\" required><\/div><div id=\"wpforms-23-field_1-container\" class=\"wpforms-field wpforms-field-email\" data-field-id=\"1\"><label class=\"wpforms-field-label\" for=\"wpforms-23-field_1\">Email <span class=\"wpforms-required-label\" aria-hidden=\"true\">*<\/span><\/label><input type=\"email\" id=\"wpforms-23-field_1\" class=\"wpforms-field-medium wpforms-field-required\" name=\"wpforms[fields][1]\" spellcheck=\"false\" aria-errormessage=\"wpforms-23-field_1-error\" required><\/div><div id=\"wpforms-23-field_3-container\" class=\"wpforms-field wpforms-field-textarea\" data-field-id=\"3\"><label class=\"wpforms-field-label\" for=\"wpforms-23-field_3\">Message <span class=\"wpforms-required-label\" aria-hidden=\"true\">*<\/span><\/label><textarea id=\"wpforms-23-field_3\" class=\"wpforms-field-medium wpforms-field-required\" name=\"wpforms[fields][3]\" aria-errormessage=\"wpforms-23-field_3-error\" required><\/textarea><\/div><div id=\"wpforms-23-field_5-container\" class=\"wpforms-field wpforms-field-checkbox\" data-field-id=\"5\"><fieldset><legend class=\"wpforms-field-label\">Newsletter<\/legend><ul id=\"wpforms-23-field_5\"><li class=\"choice-1 depth-1\"><input type=\"checkbox\" id=\"wpforms-23-field_5_1\" name=\"wpforms[fields][5][]\" value=\"J&#039;accepte de recevoir la newsletter\" aria-errormessage=\"wpforms-23-field_5_1-error\"  ><label class=\"wpforms-field-label-inline\" for=\"wpforms-23-field_5_1\">J'accepte de recevoir la newsletter<\/label><\/li><\/ul><\/fieldset><\/div><div id=\"wpforms-23-field_9-container\" class=\"wpforms-field wpforms-field-checkbox\" data-field-id=\"9\"><fieldset><legend class=\"wpforms-field-label\">Le recueil de vos donn\u00e9es d\u2019identification est obligatoire pour l\u2019envoi d\u2019une r\u00e9ponse \u00e0 votre demande <span class=\"wpforms-required-label\" aria-hidden=\"true\">*<\/span><\/legend><ul id=\"wpforms-23-field_9\" class=\"wpforms-field-required\"><li class=\"choice-1 depth-1\"><input type=\"checkbox\" id=\"wpforms-23-field_9_1\" name=\"wpforms[fields][9][]\" value=\"J&#039;accepte que les informations saisies soient exploit\u00e9es dans le cadre de la demande de contact et de la relation commerciale qui peut en d\u00e9couler et ce dans le respect strict de la politique de confidentialit\u00e9 du site JPIXE\" aria-errormessage=\"wpforms-23-field_9_1-error\" required ><label class=\"wpforms-field-label-inline\" for=\"wpforms-23-field_9_1\">J'accepte que les informations saisies soient exploit\u00e9es dans le cadre de la demande de contact et de la relation commerciale qui peut en d\u00e9couler et ce dans le respect strict de la politique de confidentialit\u00e9 du site JPIXE<\/label><\/li><\/ul><\/fieldset><\/div><\/div><!-- .wpforms-field-container --><div class=\"wpforms-submit-container\" ><input type=\"hidden\" name=\"wpforms[id]\" value=\"23\"><input type=\"hidden\" name=\"page_title\" value=\"\"><input type=\"hidden\" name=\"page_url\" value=\"https:\/\/jpixe.com\/index.php\/wp-json\/wp\/v2\/pages\/21\"><input type=\"hidden\" name=\"url_referer\" value=\"\"><button type=\"submit\" name=\"wpforms[submit]\" id=\"wpforms-submit-23\" class=\"wpforms-submit\" data-alt-text=\"Exp\u00e9dier...\" data-submit-text=\"Envoyer\" aria-live=\"assertive\" value=\"wpforms-submit\">Envoyer<\/button><img decoding=\"async\" src=\"https:\/\/jpixe.com\/wp-content\/plugins\/wpforms-lite\/assets\/images\/submit-spin.svg\" class=\"wpforms-submit-spinner\" style=\"display: none;\" width=\"26\" height=\"26\" alt=\"Chargement en cours\"><\/div><\/form><\/div>  <!-- .wpforms-container -->\t\t\t\t<\/div>\n\t\t\t\t<\/div>\n\t\t\t\t<div class=\"elementor-element elementor-element-ea37600 elementor-widget elementor-widget-image\" data-id=\"ea37600\" data-element_type=\"widget\" data-e-type=\"widget\" data-widget_type=\"image.default\">\n\t\t\t\t<div class=\"elementor-widget-container\">\n\t\t\t\t\t\t\t\t\t\t\t\t\t\t\t<img fetchpriority=\"high\" decoding=\"async\" width=\"500\" height=\"300\" src=\"https:\/\/jpixe.com\/wp-content\/uploads\/2024\/06\/CDV-JPIXE-web.jpg\" class=\"attachment-medium_large size-medium_large wp-image-635\" alt=\"\" srcset=\"https:\/\/jpixe.com\/wp-content\/uploads\/2024\/06\/CDV-JPIXE-web.jpg 500w, https:\/\/jpixe.com\/wp-content\/uploads\/2024\/06\/CDV-JPIXE-web-300x180.jpg 300w\" sizes=\"(max-width: 500px) 100vw, 500px\" \/>\t\t\t\t\t\t\t\t\t\t\t\t\t\t\t<\/div>\n\t\t\t\t<\/div>\n\t\t\t\t\t<\/div>\n\t\t\t\t<\/div>\n\t\t\t\t<\/div>\n\t\t","protected":false},"excerpt":{"rendered":"<p>JPIXE.com est une agence de communication visuelle qui vous propose de r\u00e9aliser vos projets \u00e0 travers des services et produits de cr\u00e9ations de logos, affiche, carte de visite, charte graphique, identit\u00e9 visuelle, brochure, illustration, site internet, montage photo\/video, Tshirt personnalis\u00e9 par un Graphiste Multimedia webdesigner et illustrateur. Veuillez activer JavaScript dans votre navigateur pour remplir ce formulaire.Veuillez activer JavaScript dans votre navigateur pour remplir ce formulaire.Nom \/ Entreprise *Email *Message * Newsletter J&rsquo;accepte de recevoir la newsletter Le recueil de vos donn\u00e9es d\u2019identification est obligatoire pour l\u2019envoi d\u2019une r\u00e9ponse \u00e0 votre demande * J&rsquo;accepte que les informations saisies soient exploit\u00e9es dans le cadre de la demande de contact et de la relation commerciale qui peut en d\u00e9couler et ce dans le respect strict de la politique de confidentialit\u00e9 du site JPIXE Envoyer<\/p>\n","protected":false},"author":1,"featured_media":0,"parent":0,"menu_order":0,"comment_status":"closed","ping_status":"closed","template":"","meta":{"_eb_attr":"","_monsterinsights_skip_tracking":false,"_monsterinsights_sitenote_active":false,"_monsterinsights_sitenote_note":"","_monsterinsights_sitenote_category":0,"footnotes":""},"class_list":["post-21","page","type-page","status-publish","hentry"],"yoast_head":"<!-- This site is optimized with the Yoast SEO plugin v27.1.1 - https:\/\/yoast.com\/product\/yoast-seo-wordpress\/ -->\n<title>Contact - jpixe.com<\/title>\n<meta name=\"robots\" content=\"index, follow, max-snippet:-1, max-image-preview:large, max-video-preview:-1\" \/>\n<link rel=\"canonical\" href=\"https:\/\/jpixe.com\/index.php\/contact\/\" \/>\n<meta property=\"og:locale\" content=\"fr_FR\" \/>\n<meta property=\"og:type\" content=\"article\" \/>\n<meta property=\"og:title\" content=\"Contact - jpixe.com\" \/>\n<meta property=\"og:description\" content=\"JPIXE.com est une agence de communication visuelle qui vous propose de r\u00e9aliser vos projets \u00e0 travers des services et produits de cr\u00e9ations de logos, affiche, carte de visite, charte graphique, identit\u00e9 visuelle, brochure, illustration, site internet, montage photo\/video, Tshirt personnalis\u00e9 par un Graphiste Multimedia webdesigner et illustrateur. Veuillez activer JavaScript dans votre navigateur pour remplir ce formulaire.Veuillez activer JavaScript dans votre navigateur pour remplir ce formulaire.Nom \/ Entreprise *Email *Message * Newsletter J&rsquo;accepte de recevoir la newsletter Le recueil de vos donn\u00e9es d\u2019identification est obligatoire pour l\u2019envoi d\u2019une r\u00e9ponse \u00e0 votre demande * J&rsquo;accepte que les informations saisies soient exploit\u00e9es dans le cadre de la demande de contact et de la relation commerciale qui peut en d\u00e9couler et ce dans le respect strict de la politique de confidentialit\u00e9 du site JPIXE Envoyer\" \/>\n<meta property=\"og:url\" content=\"https:\/\/jpixe.com\/index.php\/contact\/\" \/>\n<meta property=\"og:site_name\" content=\"jpixe.com\" \/>\n<meta property=\"article:modified_time\" content=\"2024-11-01T20:22:02+00:00\" \/>\n<meta property=\"og:image\" content=\"https:\/\/jpixe.com\/wp-content\/plugins\/wpforms-lite\/assets\/images\/submit-spin.svg\" \/>\n<meta name=\"twitter:card\" content=\"summary_large_image\" \/>\n<meta name=\"twitter:label1\" content=\"Dur\u00e9e de lecture estim\u00e9e\" \/>\n\t<meta name=\"twitter:data1\" content=\"1 minute\" \/>\n<script type=\"application\/ld+json\" class=\"yoast-schema-graph\">{\"@context\":\"https:\/\/schema.org\",\"@graph\":[{\"@type\":\"WebPage\",\"@id\":\"https:\/\/jpixe.com\/index.php\/contact\/\",\"url\":\"https:\/\/jpixe.com\/index.php\/contact\/\",\"name\":\"Contact - jpixe.com\",\"isPartOf\":{\"@id\":\"https:\/\/jpixe.com\/#website\"},\"primaryImageOfPage\":{\"@id\":\"https:\/\/jpixe.com\/index.php\/contact\/#primaryimage\"},\"image\":{\"@id\":\"https:\/\/jpixe.com\/index.php\/contact\/#primaryimage\"},\"thumbnailUrl\":\"https:\/\/jpixe.com\/wp-content\/plugins\/wpforms-lite\/assets\/images\/submit-spin.svg\",\"datePublished\":\"2024-03-26T23:41:37+00:00\",\"dateModified\":\"2024-11-01T20:22:02+00:00\",\"breadcrumb\":{\"@id\":\"https:\/\/jpixe.com\/index.php\/contact\/#breadcrumb\"},\"inLanguage\":\"fr-FR\",\"potentialAction\":[{\"@type\":\"ReadAction\",\"target\":[\"https:\/\/jpixe.com\/index.php\/contact\/\"]}]},{\"@type\":\"ImageObject\",\"inLanguage\":\"fr-FR\",\"@id\":\"https:\/\/jpixe.com\/index.php\/contact\/#primaryimage\",\"url\":\"https:\/\/jpixe.com\/wp-content\/plugins\/wpforms-lite\/assets\/images\/submit-spin.svg\",\"contentUrl\":\"https:\/\/jpixe.com\/wp-content\/plugins\/wpforms-lite\/assets\/images\/submit-spin.svg\"},{\"@type\":\"BreadcrumbList\",\"@id\":\"https:\/\/jpixe.com\/index.php\/contact\/#breadcrumb\",\"itemListElement\":[{\"@type\":\"ListItem\",\"position\":1,\"name\":\"Accueil\",\"item\":\"https:\/\/jpixe.com\/\"},{\"@type\":\"ListItem\",\"position\":2,\"name\":\"Contact\"}]},{\"@type\":\"WebSite\",\"@id\":\"https:\/\/jpixe.com\/#website\",\"url\":\"https:\/\/jpixe.com\/\",\"name\":\"jpixe.com\",\"description\":\"Passion, Solution, Cr\u00e9ation !\",\"publisher\":{\"@id\":\"https:\/\/jpixe.com\/#organization\"},\"potentialAction\":[{\"@type\":\"SearchAction\",\"target\":{\"@type\":\"EntryPoint\",\"urlTemplate\":\"https:\/\/jpixe.com\/?s={search_term_string}\"},\"query-input\":{\"@type\":\"PropertyValueSpecification\",\"valueRequired\":true,\"valueName\":\"search_term_string\"}}],\"inLanguage\":\"fr-FR\"},{\"@type\":\"Organization\",\"@id\":\"https:\/\/jpixe.com\/#organization\",\"name\":\"jpixe.com\",\"url\":\"https:\/\/jpixe.com\/\",\"logo\":{\"@type\":\"ImageObject\",\"inLanguage\":\"fr-FR\",\"@id\":\"https:\/\/jpixe.com\/#\/schema\/logo\/image\/\",\"url\":\"https:\/\/jpixe.com\/wp-content\/uploads\/2024\/06\/logo-jpixe_4.webp\",\"contentUrl\":\"https:\/\/jpixe.com\/wp-content\/uploads\/2024\/06\/logo-jpixe_4.webp\",\"width\":1260,\"height\":311,\"caption\":\"jpixe.com\"},\"image\":{\"@id\":\"https:\/\/jpixe.com\/#\/schema\/logo\/image\/\"}}]}<\/script>\n<!-- \/ Yoast SEO plugin. -->","yoast_head_json":{"title":"Contact - jpixe.com","robots":{"index":"index","follow":"follow","max-snippet":"max-snippet:-1","max-image-preview":"max-image-preview:large","max-video-preview":"max-video-preview:-1"},"canonical":"https:\/\/jpixe.com\/index.php\/contact\/","og_locale":"fr_FR","og_type":"article","og_title":"Contact - jpixe.com","og_description":"JPIXE.com est une agence de communication visuelle qui vous propose de r\u00e9aliser vos projets \u00e0 travers des services et produits de cr\u00e9ations de logos, affiche, carte de visite, charte graphique, identit\u00e9 visuelle, brochure, illustration, site internet, montage photo\/video, Tshirt personnalis\u00e9 par un Graphiste Multimedia webdesigner et illustrateur. Veuillez activer JavaScript dans votre navigateur pour remplir ce formulaire.Veuillez activer JavaScript dans votre navigateur pour remplir ce formulaire.Nom \/ Entreprise *Email *Message * Newsletter J&rsquo;accepte de recevoir la newsletter Le recueil de vos donn\u00e9es d\u2019identification est obligatoire pour l\u2019envoi d\u2019une r\u00e9ponse \u00e0 votre demande * J&rsquo;accepte que les informations saisies soient exploit\u00e9es dans le cadre de la demande de contact et de la relation commerciale qui peut en d\u00e9couler et ce dans le respect strict de la politique de confidentialit\u00e9 du site JPIXE Envoyer","og_url":"https:\/\/jpixe.com\/index.php\/contact\/","og_site_name":"jpixe.com","article_modified_time":"2024-11-01T20:22:02+00:00","og_image":[{"url":"https:\/\/jpixe.com\/wp-content\/plugins\/wpforms-lite\/assets\/images\/submit-spin.svg","type":"","width":"","height":""}],"twitter_card":"summary_large_image","twitter_misc":{"Dur\u00e9e de lecture estim\u00e9e":"1 minute"},"schema":{"@context":"https:\/\/schema.org","@graph":[{"@type":"WebPage","@id":"https:\/\/jpixe.com\/index.php\/contact\/","url":"https:\/\/jpixe.com\/index.php\/contact\/","name":"Contact - jpixe.com","isPartOf":{"@id":"https:\/\/jpixe.com\/#website"},"primaryImageOfPage":{"@id":"https:\/\/jpixe.com\/index.php\/contact\/#primaryimage"},"image":{"@id":"https:\/\/jpixe.com\/index.php\/contact\/#primaryimage"},"thumbnailUrl":"https:\/\/jpixe.com\/wp-content\/plugins\/wpforms-lite\/assets\/images\/submit-spin.svg","datePublished":"2024-03-26T23:41:37+00:00","dateModified":"2024-11-01T20:22:02+00:00","breadcrumb":{"@id":"https:\/\/jpixe.com\/index.php\/contact\/#breadcrumb"},"inLanguage":"fr-FR","potentialAction":[{"@type":"ReadAction","target":["https:\/\/jpixe.com\/index.php\/contact\/"]}]},{"@type":"ImageObject","inLanguage":"fr-FR","@id":"https:\/\/jpixe.com\/index.php\/contact\/#primaryimage","url":"https:\/\/jpixe.com\/wp-content\/plugins\/wpforms-lite\/assets\/images\/submit-spin.svg","contentUrl":"https:\/\/jpixe.com\/wp-content\/plugins\/wpforms-lite\/assets\/images\/submit-spin.svg"},{"@type":"BreadcrumbList","@id":"https:\/\/jpixe.com\/index.php\/contact\/#breadcrumb","itemListElement":[{"@type":"ListItem","position":1,"name":"Accueil","item":"https:\/\/jpixe.com\/"},{"@type":"ListItem","position":2,"name":"Contact"}]},{"@type":"WebSite","@id":"https:\/\/jpixe.com\/#website","url":"https:\/\/jpixe.com\/","name":"jpixe.com","description":"Passion, Solution, Cr\u00e9ation !","publisher":{"@id":"https:\/\/jpixe.com\/#organization"},"potentialAction":[{"@type":"SearchAction","target":{"@type":"EntryPoint","urlTemplate":"https:\/\/jpixe.com\/?s={search_term_string}"},"query-input":{"@type":"PropertyValueSpecification","valueRequired":true,"valueName":"search_term_string"}}],"inLanguage":"fr-FR"},{"@type":"Organization","@id":"https:\/\/jpixe.com\/#organization","name":"jpixe.com","url":"https:\/\/jpixe.com\/","logo":{"@type":"ImageObject","inLanguage":"fr-FR","@id":"https:\/\/jpixe.com\/#\/schema\/logo\/image\/","url":"https:\/\/jpixe.com\/wp-content\/uploads\/2024\/06\/logo-jpixe_4.webp","contentUrl":"https:\/\/jpixe.com\/wp-content\/uploads\/2024\/06\/logo-jpixe_4.webp","width":1260,"height":311,"caption":"jpixe.com"},"image":{"@id":"https:\/\/jpixe.com\/#\/schema\/logo\/image\/"}}]}},"_links":{"self":[{"href":"https:\/\/jpixe.com\/index.php\/wp-json\/wp\/v2\/pages\/21","targetHints":{"allow":["GET"]}}],"collection":[{"href":"https:\/\/jpixe.com\/index.php\/wp-json\/wp\/v2\/pages"}],"about":[{"href":"https:\/\/jpixe.com\/index.php\/wp-json\/wp\/v2\/types\/page"}],"author":[{"embeddable":true,"href":"https:\/\/jpixe.com\/index.php\/wp-json\/wp\/v2\/users\/1"}],"replies":[{"embeddable":true,"href":"https:\/\/jpixe.com\/index.php\/wp-json\/wp\/v2\/comments?post=21"}],"version-history":[{"count":45,"href":"https:\/\/jpixe.com\/index.php\/wp-json\/wp\/v2\/pages\/21\/revisions"}],"predecessor-version":[{"id":810,"href":"https:\/\/jpixe.com\/index.php\/wp-json\/wp\/v2\/pages\/21\/revisions\/810"}],"wp:attachment":[{"href":"https:\/\/jpixe.com\/index.php\/wp-json\/wp\/v2\/media?parent=21"}],"curies":[{"name":"wp","href":"https:\/\/api.w.org\/{rel}","templated":true}]}}